{"id":5948,"date":"2025-10-13T13:40:38","date_gmt":"2025-10-13T13:40:38","guid":{"rendered":"https:\/\/baterawe4all.com\/?page_id=5948"},"modified":"2025-12-16T10:56:39","modified_gmt":"2025-12-16T10:56:39","slug":"material-didactico","status":"publish","type":"page","link":"https:\/\/baterawe4all.com\/?page_id=5948&lang=es","title":{"rendered":"MATERIAL DID\u00c1CTICO"},"content":{"rendered":"\t\t<div data-elementor-type=\"wp-page\" data-elementor-id=\"5948\" class=\"elementor elementor-5948\">\n\t\t\t\t<div class=\"elementor-element elementor-element-f6998a0 e-flex e-con-boxed e-con e-parent\" data-id=\"f6998a0\" data-element_type=\"container\">\n\t\t\t\t\t<div class=\"e-con-inner\">\n\t\t<div class=\"elementor-element elementor-element-03608ba e-con-full e-flex e-con e-child\" data-id=\"03608ba\" data-element_type=\"container\">\n\t\t<div class=\"elementor-element elementor-element-4b2112d e-con-full e-flex e-con e-child\" data-id=\"4b2112d\" data-element_type=\"container\" data-settings=\"{&quot;background_background&quot;:&quot;classic&quot;}\">\n\t\t\t\t<\/div>\n\t\t<div class=\"elementor-element elementor-element-fe8e2f6 e-con-full e-flex e-con e-child\" data-id=\"fe8e2f6\" data-element_type=\"container\">\n\t\t\t\t<div class=\"elementor-element elementor-element-1bc6a95 elementor-widget elementor-widget-skillstream_core_section_title\" data-id=\"1bc6a95\" data-element_type=\"widget\" data-widget_type=\"skillstream_core_section_title.default\">\n\t\t\t\t<div class=\"elementor-widget-container\">\n\t\t\t\t\t<div class=\"qodef-shortcode qodef-m  qodef-section-title qodef-alignment--left \">\n\t\t<h4 class=\"qodef-m-title\" style=\"color: #000000\">\n\t\t\t\t\t\u00bfQuieres utilizar el material did\u00e1ctico que hemos usado durante el programa? Descubre EUSKAL BERRIA.\t\t\t<\/h4>\n\t<\/div>\n\t\t\t\t<\/div>\n\t\t\t\t<\/div>\n\t\t\t\t<\/div>\n\t\t\t\t<\/div>\n\t\t<div class=\"elementor-element elementor-element-a04e14b e-con-full e-flex e-con e-child\" data-id=\"a04e14b\" data-element_type=\"container\">\n\t\t<div class=\"elementor-element elementor-element-a9c5bd4 e-con-full e-flex e-con e-child\" data-id=\"a9c5bd4\" data-element_type=\"container\">\n\t\t\t\t<div class=\"elementor-element elementor-element-d4d441b elementor-widget elementor-widget-skillstream_core_section_title\" data-id=\"d4d441b\" data-element_type=\"widget\" data-widget_type=\"skillstream_core_section_title.default\">\n\t\t\t\t<div class=\"elementor-widget-container\">\n\t\t\t\t\t<div class=\"qodef-shortcode qodef-m  qodef-section-title qodef-alignment--left \">\n\t\t<h4 class=\"qodef-m-title\" >\n\t\t\t\t\tEUSKAL BERRIA: Desc\u00e1rgate el juego en su versi\u00f3n imprimible.\t\t\t<\/h4>\n\t\t<p class=\"qodef-m-text\" >Euskal Berria no es solo un juego; es una potente herramienta para la imaginaci\u00f3n colectiva y la construcci\u00f3n de futuros en com\u00fan. A trav\u00e9s de la cooperaci\u00f3n, el di\u00e1logo y la creatividad , esta experiencia colaborativa os invita a explorar el porvenir de vuestro territorio desde una perspectiva comunitaria. Los participantes afrontar\u00e9is desaf\u00edos y dilemas compartidos, tejiendo juntos una historia significativa mientras dibuj\u00e1is vuestros deseos, miedos y proyectos en un mapa.\nDescarga Euskal Berria para unir fuerzas, mirar de frente a la incertidumbre e imaginar futuros deseables m\u00e1s all\u00e1 de la simple supervivencia. Es una oportunidad \u00fanica para fortalecer lazos y empezar a dise\u00f1ar, decisi\u00f3n a decisi\u00f3n, la comunidad en la que quer\u00e9is vivir, aqu\u00ed y ahora.Ezagutuko dituzu zure gaitasunak, interesak eta zure ideiak nola garatu komunitatearentzat baliagarri izateko. Eta hori guztia esperientzia praktiko baten bidez, giro kolaboratibo eta dinamikoan.\n<\/p>\n<\/div>\n\t\t\t\t<\/div>\n\t\t\t\t<\/div>\n\t\t\t\t<\/div>\n\t\t<div class=\"elementor-element elementor-element-82b2dbf e-con-full e-flex e-con e-child\" data-id=\"82b2dbf\" data-element_type=\"container\">\n\t\t<div class=\"elementor-element elementor-element-0e3d8ab e-con-full e-flex e-con e-child\" data-id=\"0e3d8ab\" data-element_type=\"container\">\n\t\t\t\t<div class=\"elementor-element elementor-element-3287dd4 elementor-align-left elementor-widget elementor-widget-button\" data-id=\"3287dd4\" data-element_type=\"widget\" data-widget_type=\"button.default\">\n\t\t\t\t<div class=\"elementor-widget-container\">\n\t\t\t\t\t\t\t\t\t<div class=\"elementor-button-wrapper\">\n\t\t\t\t\t<a class=\"elementor-button elementor-button-link elementor-size-sm\" href=\"https:\/\/baterawe4all.com\/wp-content\/uploads\/2025\/10\/CARTAS_ANO_TECNOLOGIA.pdf\" download=\"kartak\">\n\t\t\t\t\t\t<span class=\"elementor-button-content-wrapper\">\n\t\t\t\t\t\t\t\t\t<span class=\"elementor-button-text\">Desc\u00e1rgate las \"Cartas de A\u00f1o\" y las \"Cartas Tecnol\u00f3gicas\" (A4)<\/span>\n\t\t\t\t\t<\/span>\n\t\t\t\t\t<\/a>\n\t\t\t\t<\/div>\n\t\t\t\t\t\t\t\t<\/div>\n\t\t\t\t<\/div>\n\t\t\t\t<div class=\"elementor-element elementor-element-11cf669 elementor-align-left elementor-widget elementor-widget-button\" data-id=\"11cf669\" data-element_type=\"widget\" data-widget_type=\"button.default\">\n\t\t\t\t<div class=\"elementor-widget-container\">\n\t\t\t\t\t\t\t\t\t<div class=\"elementor-button-wrapper\">\n\t\t\t\t\t<a class=\"elementor-button elementor-button-link elementor-size-sm\" href=\"https:\/\/baterawe4all.com\/wp-content\/uploads\/2025\/10\/FICHAS_FUTURO.pdf\" download=\"fichas\">\n\t\t\t\t\t\t<span class=\"elementor-button-content-wrapper\">\n\t\t\t\t\t\t\t\t\t<span class=\"elementor-button-text\">Desc\u00e1rgate las \"Fichas de Futuros\" (A5)<\/span>\n\t\t\t\t\t<\/span>\n\t\t\t\t\t<\/a>\n\t\t\t\t<\/div>\n\t\t\t\t\t\t\t\t<\/div>\n\t\t\t\t<\/div>\n\t\t\t\t<div class=\"elementor-element elementor-element-c60152a elementor-align-left elementor-widget elementor-widget-button\" data-id=\"c60152a\" data-element_type=\"widget\" data-widget_type=\"button.default\">\n\t\t\t\t<div class=\"elementor-widget-container\">\n\t\t\t\t\t\t\t\t\t<div class=\"elementor-button-wrapper\">\n\t\t\t\t\t<a class=\"elementor-button elementor-button-link elementor-size-sm\" href=\"https:\/\/baterawe4all.com\/wp-content\/uploads\/2025\/11\/TABLERO.pdf\" download=\"tablero\">\n\t\t\t\t\t\t<span class=\"elementor-button-content-wrapper\">\n\t\t\t\t\t\t\t\t\t<span class=\"elementor-button-text\">Desc\u00e1rgate el tablero (A3)<\/span>\n\t\t\t\t\t<\/span>\n\t\t\t\t\t<\/a>\n\t\t\t\t<\/div>\n\t\t\t\t\t\t\t\t<\/div>\n\t\t\t\t<\/div>\n\t\t\t\t<div class=\"elementor-element elementor-element-893fac7 elementor-align-left elementor-widget elementor-widget-button\" data-id=\"893fac7\" data-element_type=\"widget\" data-widget_type=\"button.default\">\n\t\t\t\t<div class=\"elementor-widget-container\">\n\t\t\t\t\t\t\t\t\t<div class=\"elementor-button-wrapper\">\n\t\t\t\t\t<a class=\"elementor-button elementor-button-link elementor-size-sm\" href=\"https:\/\/baterawe4all.com\/wp-content\/uploads\/2025\/11\/LIBRO-DE-INSTRUCCIONES_CAST-2.pdf\" download=\"instrucciones\">\n\t\t\t\t\t\t<span class=\"elementor-button-content-wrapper\">\n\t\t\t\t\t\t\t\t\t<span class=\"elementor-button-text\">Desc\u00e1rgate las instrucciones<\/span>\n\t\t\t\t\t<\/span>\n\t\t\t\t\t<\/a>\n\t\t\t\t<\/div>\n\t\t\t\t\t\t\t\t<\/div>\n\t\t\t\t<\/div>\n\t\t\t\t<\/div>\n\t\t\t\t<\/div>\n\t\t\t\t<\/div>\n\t\t<div class=\"elementor-element elementor-element-20dbf20 e-con-full e-flex e-con e-child\" data-id=\"20dbf20\" data-element_type=\"container\">\n\t\t<div class=\"elementor-element elementor-element-83b5f19 e-con-full e-flex e-con e-child\" data-id=\"83b5f19\" data-element_type=\"container\">\n\t\t\t\t<div class=\"elementor-element elementor-element-9ed5527 elementor-widget elementor-widget-skillstream_core_section_title\" data-id=\"9ed5527\" data-element_type=\"widget\" data-widget_type=\"skillstream_core_section_title.default\">\n\t\t\t\t<div class=\"elementor-widget-container\">\n\t\t\t\t\t<div class=\"qodef-shortcode qodef-m  qodef-section-title qodef-alignment--left \">\n\t\t<h4 class=\"qodef-m-title\" >\n\t\t\t\t\tDescarga el cuaderno de trabajo de Batera: \u00a1ad\u00e1ptalo, impr\u00edmelo y comienza!\t\t\t<\/h4>\n\t\t<p class=\"qodef-m-text\" >Encuentra aqu\u00ed el cuaderno de trabajo de Batera, lo puedes editar para tu centro educativo, o para adaptarlo a tus necesidades. Impr\u00edmelo y sigue las actividades. Est\u00e1n planteadas para realizarlas en 3 d\u00edas, de manera individual o en grupo. Nuestra sugerencia es hacerlo en grupo, as\u00ed, despu\u00e9s de cada actividad, se comparten conclusiones y se enriquece la experiencia.\n\n<\/p>\n<\/div>\n\t\t\t\t<\/div>\n\t\t\t\t<\/div>\n\t\t\t\t<\/div>\n\t\t<div class=\"elementor-element elementor-element-eea96de e-con-full e-flex e-con e-child\" data-id=\"eea96de\" data-element_type=\"container\">\n\t\t<div class=\"elementor-element elementor-element-39cf8c9 e-con-full e-flex e-con e-child\" data-id=\"39cf8c9\" data-element_type=\"container\">\n\t\t\t\t<div class=\"elementor-element elementor-element-888102b elementor-align-left elementor-widget elementor-widget-button\" data-id=\"888102b\" data-element_type=\"widget\" data-widget_type=\"button.default\">\n\t\t\t\t<div class=\"elementor-widget-container\">\n\t\t\t\t\t\t\t\t\t<div class=\"elementor-button-wrapper\">\n\t\t\t\t\t<a class=\"elementor-button elementor-button-link elementor-size-sm\" href=\"https:\/\/baterawe4all.com\/wp-content\/uploads\/2025\/12\/BATERA_WORKBOOK-web.pdf\" download=\"kartak\">\n\t\t\t\t\t\t<span class=\"elementor-button-content-wrapper\">\n\t\t\t\t\t\t\t\t\t<span class=\"elementor-button-text\">Desc\u00e1rgalo aqu\u00ed<\/span>\n\t\t\t\t\t<\/span>\n\t\t\t\t\t<\/a>\n\t\t\t\t<\/div>\n\t\t\t\t\t\t\t\t<\/div>\n\t\t\t\t<\/div>\n\t\t\t\t<\/div>\n\t\t\t\t<\/div>\n\t\t\t\t<\/div>\n\t\t\t\t\t<\/div>\n\t\t\t\t<\/div>\n\t\t\t\t<\/div>\n\t\t","protected":false},"excerpt":{"rendered":"<p>\u00bfQuieres utilizar el material did\u00e1ctico que hemos usado durante el programa? Descubre EUSKAL BERRIA. EUSKAL BERRIA: Desc\u00e1rgate el juego en su versi\u00f3n imprimible. Euskal Berria no es solo un juego; es una potente herramienta para la imaginaci\u00f3n colectiva y la construcci\u00f3n de futuros en com\u00fan. A trav\u00e9s de la cooperaci\u00f3n, el di\u00e1logo y la creatividad [&hellip;]<\/p>\n","protected":false},"author":1,"featured_media":0,"parent":0,"menu_order":0,"comment_status":"closed","ping_status":"closed","template":"","meta":{"_bbp_topic_count":0,"_bbp_reply_count":0,"_bbp_total_topic_count":0,"_bbp_total_reply_count":0,"_bbp_voice_count":0,"_bbp_anonymous_reply_count":0,"_bbp_topic_count_hidden":0,"_bbp_reply_count_hidden":0,"_bbp_forum_subforum_count":0,"footnotes":""},"class_list":["post-5948","page","type-page","status-publish","hentry"],"_links":{"self":[{"href":"https:\/\/baterawe4all.com\/index.php?rest_route=\/wp\/v2\/pages\/5948","targetHints":{"allow":["GET"]}}],"collection":[{"href":"https:\/\/baterawe4all.com\/index.php?rest_route=\/wp\/v2\/pages"}],"about":[{"href":"https:\/\/baterawe4all.com\/index.php?rest_route=\/wp\/v2\/types\/page"}],"author":[{"embeddable":true,"href":"https:\/\/baterawe4all.com\/index.php?rest_route=\/wp\/v2\/users\/1"}],"replies":[{"embeddable":true,"href":"https:\/\/baterawe4all.com\/index.php?rest_route=%2Fwp%2Fv2%2Fcomments&post=5948"}],"version-history":[{"count":16,"href":"https:\/\/baterawe4all.com\/index.php?rest_route=\/wp\/v2\/pages\/5948\/revisions"}],"predecessor-version":[{"id":5991,"href":"https:\/\/baterawe4all.com\/index.php?rest_route=\/wp\/v2\/pages\/5948\/revisions\/5991"}],"wp:attachment":[{"href":"https:\/\/baterawe4all.com\/index.php?rest_route=%2Fwp%2Fv2%2Fmedia&parent=5948"}],"curies":[{"name":"wp","href":"https:\/\/api.w.org\/{rel}","templated":true}]}}