{"id":5776,"date":"2025-04-15T13:01:42","date_gmt":"2025-04-15T13:01:42","guid":{"rendered":"https:\/\/batera.mnext.es\/?page_id=5776"},"modified":"2025-04-23T09:44:56","modified_gmt":"2025-04-23T09:44:56","slug":"cookies","status":"publish","type":"page","link":"https:\/\/baterawe4all.com\/?page_id=5776&lang=es","title":{"rendered":"Cookies"},"content":{"rendered":"\t\t<div data-elementor-type=\"wp-page\" data-elementor-id=\"5776\" class=\"elementor elementor-5776\">\n\t\t\t\t<div class=\"elementor-element elementor-element-16cdb9b7 e-flex e-con-boxed e-con e-parent\" data-id=\"16cdb9b7\" data-element_type=\"container\">\n\t\t\t\t\t<div class=\"e-con-inner\">\n\t\t\t\t<div class=\"elementor-element elementor-element-abca199 elementor-widget elementor-widget-text-editor\" data-id=\"abca199\" data-element_type=\"widget\" data-widget_type=\"text-editor.default\">\n\t\t\t\t<div class=\"elementor-widget-container\">\n\t\t\t\t\t\t\t\t\t<h1><span style=\"font-weight: 400;\">ES<\/span><\/h1>\n<span style=\"font-weight: 400;\">Las cookies son peque\u00f1os archivos de texto que las p\u00e1ginas web pueden utilizar para hacer m\u00e1s eficiente la experiencia del usuario.<\/span><span style=\"font-weight: 400;\">\n<\/span><span style=\"font-weight: 400;\">\n<\/span><span style=\"font-weight: 400;\">La ley afirma que podemos almacenar cookies en su dispositivo si son estrictamente necesarias para el funcionamiento de esta p\u00e1gina. Para todos los dem\u00e1s tipos de cookies necesitamos su permiso.<\/span><span style=\"font-weight: 400;\">\n<\/span><span style=\"font-weight: 400;\">\n<\/span><span style=\"font-weight: 400;\">Esta p\u00e1gina utiliza tipos diferentes de cookies. Algunas cookies son colocadas por servicios de terceros que aparecen en nuestras p\u00e1ginas.<\/span><span style=\"font-weight: 400;\">\n<\/span><span style=\"font-weight: 400;\">\n<\/span><span style=\"font-weight: 400;\">En cualquier momento puede cambiar o retirar su consentimiento desde la Declaraci\u00f3n de cookies en nuestro sitio web.<\/span><span style=\"font-weight: 400;\">\n<\/span><span style=\"font-weight: 400;\">\n<\/span><span style=\"font-weight: 400;\">Obtenga m\u00e1s informaci\u00f3n sobre qui\u00e9nes somos, c\u00f3mo puede contactarnos y c\u00f3mo procesamos los datos personales en nuestra Pol\u00edtica de privacidad.<\/span><span style=\"font-weight: 400;\">\n<\/span><span style=\"font-weight: 400;\">\n<\/span><span style=\"font-weight: 400;\">Al contactarnos respecto a su consentimiento, por favor, indique el ID y la fecha de su consentimiento.<\/span>\n\n<span style=\"font-weight: 400;\">Su consentimiento se aplica a los siguientes dominios: <\/span><a href=\"http:\/\/www.baterawe4all.com\"><span style=\"font-weight: 400;\">www.baterawe4all.com<\/span><\/a>\n\n<span style=\"text-align: var(--text-align); text-transform: initial;\">\u00a0\u00a0 <\/span>\n<br>\n<a class=\"cmplz-show-banner\" href=\"#\">Cambiar tu consentimiento<\/a> | <a class=\"cmplz-show-banner\" href=\"#\">Retirar tu consentimiento<\/a>\n\n<span style=\"font-size: 35px; letter-spacing: -0.01em; text-align: var(--text-align); text-transform: initial;\">\u00a0<\/span>\n<h1><span style=\"font-weight: 400;\">EUS<\/span><\/h1>\n<span style=\"font-weight: 400;\">Testu fitxategi txikiak dira cookieak, web orriek erabiltzailearen jarduna hobetzeko balia ditzaketenak. Legeak dio cookieak gorde ditzakegula zure gailuan, baldin eta behar-beharrezkoak badira web orri honen funtzionamendu egokirako. Gainerako cookie mota guztietarako, ezinbestekoa dugu zure baimena. Web orri honek era askotako cookieak erabiltzen ditu. Cookieetako batzuk gure orrietan agertzen diren hirugarrenen zerbitzuek instalatzen dituzte.<\/span><span style=\"font-weight: 400;\">\n<\/span><span style=\"font-weight: 400;\">\n<\/span><span style=\"font-weight: 400;\">Gure webguneko Cookieen Adierazpen orrian noiznahi aldatu edo ezeztatu ahal izango duzu zure baimena.<\/span><span style=\"font-weight: 400;\">\n<\/span><span style=\"font-weight: 400;\">\n<\/span><span style=\"font-weight: 400;\">Ezagutu gehiago nor garen, nola jarri zaitezkeen gurekin harremanetan eta zer erabilera ematen diegun datu pertsonalei, gure Pribatutasun Politikan.<\/span><span style=\"font-weight: 400;\">\n<\/span><span style=\"font-weight: 400;\">\n<\/span><span style=\"font-weight: 400;\">Mesedez, zehaztu zure baimen informatua eta data zure baimenari buruz gurekin harremanetan jartzen zarenean.<\/span>\n<br>\n\n<span style=\"font-weight: 400;\">Zure baimena honako webgune hauetan aplikatuko da www.baterawe4all.com<\/span>\n<br><br>\n<a class=\"cmplz-show-banner\" href=\"#\">Zure baimena aldatu<\/a> | <a class=\"cmplz-show-banner\" href=\"#\">Cookieen adierazpena <\/a>\t\t\t\t\t\t\t\t<\/div>\n\t\t\t\t<\/div>\n\t\t\t\t\t<\/div>\n\t\t\t\t<\/div>\n\t\t\t\t<\/div>\n\t\t","protected":false},"excerpt":{"rendered":"<p>ES Las cookies son peque\u00f1os archivos de texto que las p\u00e1ginas web pueden utilizar para hacer m\u00e1s eficiente la experiencia del usuario. La ley afirma que podemos almacenar cookies en su dispositivo si son estrictamente necesarias para el funcionamiento de esta p\u00e1gina. Para todos los dem\u00e1s tipos de cookies necesitamos su permiso. Esta p\u00e1gina utiliza [&hellip;]<\/p>\n","protected":false},"author":1,"featured_media":0,"parent":0,"menu_order":0,"comment_status":"closed","ping_status":"closed","template":"elementor_canvas","meta":{"_bbp_topic_count":0,"_bbp_reply_count":0,"_bbp_total_topic_count":0,"_bbp_total_reply_count":0,"_bbp_voice_count":0,"_bbp_anonymous_reply_count":0,"_bbp_topic_count_hidden":0,"_bbp_reply_count_hidden":0,"_bbp_forum_subforum_count":0,"footnotes":""},"class_list":["post-5776","page","type-page","status-publish","hentry"],"_links":{"self":[{"href":"https:\/\/baterawe4all.com\/index.php?rest_route=\/wp\/v2\/pages\/5776","targetHints":{"allow":["GET"]}}],"collection":[{"href":"https:\/\/baterawe4all.com\/index.php?rest_route=\/wp\/v2\/pages"}],"about":[{"href":"https:\/\/baterawe4all.com\/index.php?rest_route=\/wp\/v2\/types\/page"}],"author":[{"embeddable":true,"href":"https:\/\/baterawe4all.com\/index.php?rest_route=\/wp\/v2\/users\/1"}],"replies":[{"embeddable":true,"href":"https:\/\/baterawe4all.com\/index.php?rest_route=%2Fwp%2Fv2%2Fcomments&post=5776"}],"version-history":[{"count":28,"href":"https:\/\/baterawe4all.com\/index.php?rest_route=\/wp\/v2\/pages\/5776\/revisions"}],"predecessor-version":[{"id":5819,"href":"https:\/\/baterawe4all.com\/index.php?rest_route=\/wp\/v2\/pages\/5776\/revisions\/5819"}],"wp:attachment":[{"href":"https:\/\/baterawe4all.com\/index.php?rest_route=%2Fwp%2Fv2%2Fmedia&parent=5776"}],"curies":[{"name":"wp","href":"https:\/\/api.w.org\/{rel}","templated":true}]}}