{"id":5398,"date":"2025-03-26T14:04:08","date_gmt":"2025-03-26T14:04:08","guid":{"rendered":"https:\/\/batera.mnext.es\/?page_id=5398"},"modified":"2025-06-17T15:12:25","modified_gmt":"2025-06-17T15:12:25","slug":"inscripcion","status":"publish","type":"page","link":"https:\/\/baterawe4all.com\/?page_id=5398&lang=es","title":{"rendered":"INSCRIPCION"},"content":{"rendered":"\t\t<div data-elementor-type=\"wp-page\" data-elementor-id=\"5398\" class=\"elementor elementor-5398\">\n\t\t\t\t<div class=\"elementor-element elementor-element-bc6e8a9 e-con-full e-flex e-con e-parent\" data-id=\"bc6e8a9\" data-element_type=\"container\" data-settings=\"{&quot;background_background&quot;:&quot;classic&quot;}\">\n\t\t<div class=\"elementor-element elementor-element-c0009d8 e-con-full e-flex e-con e-child\" data-id=\"c0009d8\" data-element_type=\"container\" data-settings=\"{&quot;background_background&quot;:&quot;classic&quot;}\">\n\t\t\t\t<\/div>\n\t\t<div class=\"elementor-element elementor-element-a13b533 e-con-full qodef-elementor-content-grid e-flex e-con e-child\" data-id=\"a13b533\" data-element_type=\"container\">\n\t\t<div class=\"elementor-element elementor-element-f4cb210 e-con-full e-flex e-con e-child\" data-id=\"f4cb210\" data-element_type=\"container\">\n\t\t\t\t<div class=\"elementor-element elementor-element-033034a elementor-widget__width-initial elementor-widget-mobile__width-inherit elementor-widget elementor-widget-skillstream_core_section_title\" data-id=\"033034a\" data-element_type=\"widget\" data-widget_type=\"skillstream_core_section_title.default\">\n\t\t\t\t<div class=\"elementor-widget-container\">\n\t\t\t\t\t<div class=\"qodef-shortcode qodef-m  qodef-section-title qodef-alignment--left \">\n\t\t<h4 class=\"qodef-m-title\" >\n\t\t\t\t\t\u00a1Inscr\u00edbete ahora!\t\t\t<\/h4>\n\t\t<p class=\"qodef-m-text\" style=\"margin-top: 25px\">\u00danete a una comunidad incre\u00edble de j\u00f3venes con ganas de darle sentido a su futuro.  \u00a1Este es tu momento!\n<\/p>\n<\/div>\n\t\t\t\t<\/div>\n\t\t\t\t<\/div>\n\t\t\t\t<div class=\"elementor-element elementor-element-cb58456 elementor-widget elementor-widget-html\" data-id=\"cb58456\" data-element_type=\"widget\" data-widget_type=\"html.default\">\n\t\t\t\t<div class=\"elementor-widget-container\">\n\t\t\t\t\t<iframe data-tally-src=\"https:\/\/tally.so\/embed\/w2zK9j?alignLeft=1&hideTitle=1&transparentBackground=1&dynamicHeight=1\" loading=\"lazy\" width=\"100%\" height=\"678\" frameborder=\"0\" marginheight=\"0\" marginwidth=\"0\" title=\"null\"><\/iframe>\n<script>var d=document,w=\"https:\/\/tally.so\/widgets\/embed.js\",v=function(){\"undefined\"!=typeof Tally?Tally.loadEmbeds():d.querySelectorAll(\"iframe[data-tally-src]:not([src])\").forEach((function(e){e.src=e.dataset.tallySrc}))};if(\"undefined\"!=typeof Tally)v();else if(d.querySelector('script[src=\"'+w+'\"]')==null){var s=d.createElement(\"script\");s.src=w,s.onload=v,s.onerror=v,d.body.appendChild(s);}<\/script>\t\t\t\t<\/div>\n\t\t\t\t<\/div>\n\t\t\t\t<\/div>\n\t\t<div class=\"elementor-element elementor-element-89cd034 e-con-full e-flex e-con e-child\" data-id=\"89cd034\" data-element_type=\"container\">\n\t\t\t\t<div class=\"elementor-element elementor-element-d9e0e66 elementor-widget__width-initial elementor-widget-tablet__width-initial elementor-widget elementor-widget-skillstream_core_single_image\" data-id=\"d9e0e66\" data-element_type=\"widget\" data-widget_type=\"skillstream_core_single_image.default\">\n\t\t\t\t<div class=\"elementor-widget-container\">\n\t\t\t\t\t<div class=\"qodef-shortcode qodef-m  qodef-single-image qodef-layout--default     qodef--has-appear\"  style=\"--qode-image-border-radius: 100px 100px 0px 100px\" data-appear-delay=\"0\">\n\t\t\t<div class=\"qodef-m-image\">\n\t\t\t\t\t\t\t\t<img fetchpriority=\"high\" decoding=\"async\" width=\"1707\" height=\"2560\" src=\"https:\/\/baterawe4all.com\/wp-content\/uploads\/2025\/03\/magnet-me-EOLgQ6jLdtM-unsplash-scaled.jpg\" class=\"attachment-full size-full\" alt=\"\" srcset=\"https:\/\/baterawe4all.com\/wp-content\/uploads\/2025\/03\/magnet-me-EOLgQ6jLdtM-unsplash-scaled.jpg 1707w, https:\/\/baterawe4all.com\/wp-content\/uploads\/2025\/03\/magnet-me-EOLgQ6jLdtM-unsplash-200x300.jpg 200w, https:\/\/baterawe4all.com\/wp-content\/uploads\/2025\/03\/magnet-me-EOLgQ6jLdtM-unsplash-683x1024.jpg 683w, https:\/\/baterawe4all.com\/wp-content\/uploads\/2025\/03\/magnet-me-EOLgQ6jLdtM-unsplash-768x1152.jpg 768w, https:\/\/baterawe4all.com\/wp-content\/uploads\/2025\/03\/magnet-me-EOLgQ6jLdtM-unsplash-1024x1536.jpg 1024w, https:\/\/baterawe4all.com\/wp-content\/uploads\/2025\/03\/magnet-me-EOLgQ6jLdtM-unsplash-1365x2048.jpg 1365w, https:\/\/baterawe4all.com\/wp-content\/uploads\/2025\/03\/magnet-me-EOLgQ6jLdtM-unsplash-600x900.jpg 600w\" sizes=\"(max-width: 1707px) 100vw, 1707px\" \/>\t\t\t\t\t\t\t<\/div>\n\t<\/div>\n\t\t\t\t<\/div>\n\t\t\t\t<\/div>\n\t\t\t\t<div class=\"elementor-element elementor-element-2c451a6 elementor-widget__width-initial elementor-absolute elementor-hidden-mobile elementor-widget elementor-widget-skillstream_core_single_image\" data-id=\"2c451a6\" data-element_type=\"widget\" data-settings=\"{&quot;_position&quot;:&quot;absolute&quot;}\" data-widget_type=\"skillstream_core_single_image.default\">\n\t\t\t\t<div class=\"elementor-widget-container\">\n\t\t\t\t\t<div class=\"qodef-shortcode qodef-m  qodef-single-image qodef-layout--default     qodef--has-appear\"   data-appear-delay=\"300\">\n\t\t\t<div class=\"qodef-m-image\">\n\t\t\t\t\t\t\t\t<img decoding=\"async\" width=\"1538\" height=\"1130\" src=\"https:\/\/baterawe4all.com\/wp-content\/uploads\/2025\/03\/fondo-1-copia-8.png\" class=\"attachment-full size-full\" alt=\"\" srcset=\"https:\/\/baterawe4all.com\/wp-content\/uploads\/2025\/03\/fondo-1-copia-8.png 1538w, https:\/\/baterawe4all.com\/wp-content\/uploads\/2025\/03\/fondo-1-copia-8-300x220.png 300w, https:\/\/baterawe4all.com\/wp-content\/uploads\/2025\/03\/fondo-1-copia-8-1024x752.png 1024w, https:\/\/baterawe4all.com\/wp-content\/uploads\/2025\/03\/fondo-1-copia-8-768x564.png 768w, https:\/\/baterawe4all.com\/wp-content\/uploads\/2025\/03\/fondo-1-copia-8-1536x1129.png 1536w, https:\/\/baterawe4all.com\/wp-content\/uploads\/2025\/03\/fondo-1-copia-8-600x441.png 600w\" sizes=\"(max-width: 1538px) 100vw, 1538px\" \/>\t\t\t\t\t\t\t<\/div>\n\t<\/div>\n\t\t\t\t<\/div>\n\t\t\t\t<\/div>\n\t\t\t\t<\/div>\n\t\t\t\t<\/div>\n\t\t\t\t<\/div>\n\t\t\t\t<\/div>\n\t\t","protected":false},"excerpt":{"rendered":"<p>\u00a1Inscr\u00edbete ahora! \u00danete a una comunidad incre\u00edble de j\u00f3venes con ganas de darle sentido a su futuro. \u00a1Este es tu momento!<\/p>\n","protected":false},"author":1,"featured_media":0,"parent":0,"menu_order":0,"comment_status":"closed","ping_status":"closed","template":"page-full-width.php","meta":{"_bbp_topic_count":0,"_bbp_reply_count":0,"_bbp_total_topic_count":0,"_bbp_total_reply_count":0,"_bbp_voice_count":0,"_bbp_anonymous_reply_count":0,"_bbp_topic_count_hidden":0,"_bbp_reply_count_hidden":0,"_bbp_forum_subforum_count":0,"footnotes":""},"class_list":["post-5398","page","type-page","status-publish","hentry"],"_links":{"self":[{"href":"https:\/\/baterawe4all.com\/index.php?rest_route=\/wp\/v2\/pages\/5398","targetHints":{"allow":["GET"]}}],"collection":[{"href":"https:\/\/baterawe4all.com\/index.php?rest_route=\/wp\/v2\/pages"}],"about":[{"href":"https:\/\/baterawe4all.com\/index.php?rest_route=\/wp\/v2\/types\/page"}],"author":[{"embeddable":true,"href":"https:\/\/baterawe4all.com\/index.php?rest_route=\/wp\/v2\/users\/1"}],"replies":[{"embeddable":true,"href":"https:\/\/baterawe4all.com\/index.php?rest_route=%2Fwp%2Fv2%2Fcomments&post=5398"}],"version-history":[{"count":32,"href":"https:\/\/baterawe4all.com\/index.php?rest_route=\/wp\/v2\/pages\/5398\/revisions"}],"predecessor-version":[{"id":5865,"href":"https:\/\/baterawe4all.com\/index.php?rest_route=\/wp\/v2\/pages\/5398\/revisions\/5865"}],"wp:attachment":[{"href":"https:\/\/baterawe4all.com\/index.php?rest_route=%2Fwp%2Fv2%2Fmedia&parent=5398"}],"curies":[{"name":"wp","href":"https:\/\/api.w.org\/{rel}","templated":true}]}}